{"id":493,"date":"2024-04-15T10:18:04","date_gmt":"2024-04-15T08:18:04","guid":{"rendered":"https:\/\/igsport-staefa.ch\/?page_id=493"},"modified":"2026-03-05T18:00:39","modified_gmt":"2026-03-05T17:00:39","slug":"sportfest-2024","status":"publish","type":"page","link":"https:\/\/igsport-staefa.ch\/index.php\/sportfest-2024\/","title":{"rendered":"Sportfest St\u00e4fa"},"content":{"rendered":"\n<p>Die IG Sport organisiert in regelm\u00e4ssigen Abst\u00e4nden das Sportfest, an welchem sich die Vereine der St\u00e4fner Bev\u00f6lkerung pr\u00e4sentieren k\u00f6nnen. Das n\u00e4chste findet am 21. Juni 2026 statt.<\/p>\n\n\n\n<p><a href=\"http:\/\/zuerchersportfest.ch\">zuerchersportfest.ch<\/a><\/p>\n\n\n\n<figure class=\"wp-block-image size-full\"><img loading=\"lazy\" decoding=\"async\" width=\"419\" height=\"595\" src=\"https:\/\/igsport-staefa.ch\/wp-content\/uploads\/2026\/03\/szh_26139_zuerchersportfest-2026_inserat-a5_cm_co_staefa_LOW-1.jpeg\" alt=\"\" class=\"wp-image-582\" srcset=\"https:\/\/igsport-staefa.ch\/wp-content\/uploads\/2026\/03\/szh_26139_zuerchersportfest-2026_inserat-a5_cm_co_staefa_LOW-1.jpeg 419w, https:\/\/igsport-staefa.ch\/wp-content\/uploads\/2026\/03\/szh_26139_zuerchersportfest-2026_inserat-a5_cm_co_staefa_LOW-1-211x300.jpeg 211w\" sizes=\"auto, (max-width: 419px) 100vw, 419px\" \/><\/figure>\n\n\n\n<p class=\"has-text-align-left\"><strong>Sportfest 6. Juli 2024<\/strong><\/p>\n\n\n\n<figure class=\"wp-block-gallery has-nested-images columns-default is-cropped wp-block-gallery-1 is-layout-flex wp-block-gallery-is-layout-flex\">\n<figure class=\"wp-block-image size-large\"><img loading=\"lazy\" decoding=\"async\" width=\"1024\" height=\"683\" data-id=\"531\" src=\"https:\/\/igsport-staefa.ch\/wp-content\/uploads\/2024\/08\/Sportfest_2024-3-1024x683.jpg\" alt=\"\" class=\"wp-image-531\" srcset=\"https:\/\/igsport-staefa.ch\/wp-content\/uploads\/2024\/08\/Sportfest_2024-3-1024x683.jpg 1024w, https:\/\/igsport-staefa.ch\/wp-content\/uploads\/2024\/08\/Sportfest_2024-3-300x200.jpg 300w, https:\/\/igsport-staefa.ch\/wp-content\/uploads\/2024\/08\/Sportfest_2024-3-768x512.jpg 768w, https:\/\/igsport-staefa.ch\/wp-content\/uploads\/2024\/08\/Sportfest_2024-3-1536x1024.jpg 1536w, https:\/\/igsport-staefa.ch\/wp-content\/uploads\/2024\/08\/Sportfest_2024-3-2048x1365.jpg 2048w\" sizes=\"auto, (max-width: 1024px) 100vw, 1024px\" \/><\/figure>\n\n\n\n<figure class=\"wp-block-image size-large\"><img loading=\"lazy\" decoding=\"async\" width=\"683\" height=\"1024\" data-id=\"527\" src=\"https:\/\/igsport-staefa.ch\/wp-content\/uploads\/2024\/08\/Sportfest_2024-10-683x1024.jpg\" alt=\"\" class=\"wp-image-527\" srcset=\"https:\/\/igsport-staefa.ch\/wp-content\/uploads\/2024\/08\/Sportfest_2024-10-683x1024.jpg 683w, https:\/\/igsport-staefa.ch\/wp-content\/uploads\/2024\/08\/Sportfest_2024-10-200x300.jpg 200w, https:\/\/igsport-staefa.ch\/wp-content\/uploads\/2024\/08\/Sportfest_2024-10-768x1152.jpg 768w, https:\/\/igsport-staefa.ch\/wp-content\/uploads\/2024\/08\/Sportfest_2024-10-1024x1536.jpg 1024w, https:\/\/igsport-staefa.ch\/wp-content\/uploads\/2024\/08\/Sportfest_2024-10-1365x2048.jpg 1365w, https:\/\/igsport-staefa.ch\/wp-content\/uploads\/2024\/08\/Sportfest_2024-10-scaled.jpg 1707w\" sizes=\"auto, (max-width: 683px) 100vw, 683px\" \/><\/figure>\n\n\n\n<figure class=\"wp-block-image size-large\"><img loading=\"lazy\" decoding=\"async\" width=\"683\" height=\"1024\" data-id=\"526\" src=\"https:\/\/igsport-staefa.ch\/wp-content\/uploads\/2024\/08\/Sportfest_2024-27-683x1024.jpg\" alt=\"\" class=\"wp-image-526\" srcset=\"https:\/\/igsport-staefa.ch\/wp-content\/uploads\/2024\/08\/Sportfest_2024-27-683x1024.jpg 683w, https:\/\/igsport-staefa.ch\/wp-content\/uploads\/2024\/08\/Sportfest_2024-27-200x300.jpg 200w, https:\/\/igsport-staefa.ch\/wp-content\/uploads\/2024\/08\/Sportfest_2024-27-768x1152.jpg 768w, https:\/\/igsport-staefa.ch\/wp-content\/uploads\/2024\/08\/Sportfest_2024-27-1024x1536.jpg 1024w, https:\/\/igsport-staefa.ch\/wp-content\/uploads\/2024\/08\/Sportfest_2024-27-1365x2048.jpg 1365w, https:\/\/igsport-staefa.ch\/wp-content\/uploads\/2024\/08\/Sportfest_2024-27-scaled.jpg 1707w\" sizes=\"auto, (max-width: 683px) 100vw, 683px\" \/><\/figure>\n\n\n\n<figure class=\"wp-block-image size-large\"><img loading=\"lazy\" decoding=\"async\" width=\"1024\" height=\"683\" data-id=\"525\" src=\"https:\/\/igsport-staefa.ch\/wp-content\/uploads\/2024\/08\/Sportfest_2024-23-1024x683.jpg\" alt=\"\" class=\"wp-image-525\" srcset=\"https:\/\/igsport-staefa.ch\/wp-content\/uploads\/2024\/08\/Sportfest_2024-23-1024x683.jpg 1024w, https:\/\/igsport-staefa.ch\/wp-content\/uploads\/2024\/08\/Sportfest_2024-23-300x200.jpg 300w, https:\/\/igsport-staefa.ch\/wp-content\/uploads\/2024\/08\/Sportfest_2024-23-768x512.jpg 768w, https:\/\/igsport-staefa.ch\/wp-content\/uploads\/2024\/08\/Sportfest_2024-23-1536x1024.jpg 1536w, https:\/\/igsport-staefa.ch\/wp-content\/uploads\/2024\/08\/Sportfest_2024-23-2048x1365.jpg 2048w\" sizes=\"auto, (max-width: 1024px) 100vw, 1024px\" \/><\/figure>\n\n\n\n<figure class=\"wp-block-image size-large\"><img loading=\"lazy\" decoding=\"async\" width=\"1024\" height=\"683\" data-id=\"524\" src=\"https:\/\/igsport-staefa.ch\/wp-content\/uploads\/2024\/08\/Sportfest_2024-17-1024x683.jpg\" alt=\"\" class=\"wp-image-524\" srcset=\"https:\/\/igsport-staefa.ch\/wp-content\/uploads\/2024\/08\/Sportfest_2024-17-1024x683.jpg 1024w, https:\/\/igsport-staefa.ch\/wp-content\/uploads\/2024\/08\/Sportfest_2024-17-300x200.jpg 300w, https:\/\/igsport-staefa.ch\/wp-content\/uploads\/2024\/08\/Sportfest_2024-17-768x512.jpg 768w, https:\/\/igsport-staefa.ch\/wp-content\/uploads\/2024\/08\/Sportfest_2024-17-1536x1024.jpg 1536w, https:\/\/igsport-staefa.ch\/wp-content\/uploads\/2024\/08\/Sportfest_2024-17-2048x1365.jpg 2048w\" sizes=\"auto, (max-width: 1024px) 100vw, 1024px\" \/><\/figure>\n\n\n\n<figure class=\"wp-block-image size-large\"><img loading=\"lazy\" decoding=\"async\" width=\"683\" height=\"1024\" data-id=\"523\" src=\"https:\/\/igsport-staefa.ch\/wp-content\/uploads\/2024\/08\/Sportfest_2024-12-683x1024.jpg\" alt=\"\" class=\"wp-image-523\" srcset=\"https:\/\/igsport-staefa.ch\/wp-content\/uploads\/2024\/08\/Sportfest_2024-12-683x1024.jpg 683w, https:\/\/igsport-staefa.ch\/wp-content\/uploads\/2024\/08\/Sportfest_2024-12-200x300.jpg 200w, https:\/\/igsport-staefa.ch\/wp-content\/uploads\/2024\/08\/Sportfest_2024-12-768x1152.jpg 768w, https:\/\/igsport-staefa.ch\/wp-content\/uploads\/2024\/08\/Sportfest_2024-12-1024x1536.jpg 1024w, https:\/\/igsport-staefa.ch\/wp-content\/uploads\/2024\/08\/Sportfest_2024-12-1365x2048.jpg 1365w, https:\/\/igsport-staefa.ch\/wp-content\/uploads\/2024\/08\/Sportfest_2024-12-scaled.jpg 1707w\" sizes=\"auto, (max-width: 683px) 100vw, 683px\" \/><\/figure>\n<\/figure>\n\n\n\n<p><\/p>\n\n\n\n<p><strong>Sportfest 8. Juli 2023<\/strong><\/p>\n\n\n\n<figure class=\"wp-block-gallery has-nested-images columns-default is-cropped wp-block-gallery-2 is-layout-flex wp-block-gallery-is-layout-flex\">\n<figure class=\"wp-block-image size-large\"><img loading=\"lazy\" decoding=\"async\" width=\"1024\" height=\"768\" data-id=\"480\" src=\"https:\/\/igsport-staefa.ch\/wp-content\/uploads\/2023\/07\/IMG_7046-1024x768.jpg\" alt=\"\" class=\"wp-image-480\" srcset=\"https:\/\/igsport-staefa.ch\/wp-content\/uploads\/2023\/07\/IMG_7046-1024x768.jpg 1024w, https:\/\/igsport-staefa.ch\/wp-content\/uploads\/2023\/07\/IMG_7046-300x225.jpg 300w, https:\/\/igsport-staefa.ch\/wp-content\/uploads\/2023\/07\/IMG_7046-768x576.jpg 768w, https:\/\/igsport-staefa.ch\/wp-content\/uploads\/2023\/07\/IMG_7046-1536x1152.jpg 1536w, https:\/\/igsport-staefa.ch\/wp-content\/uploads\/2023\/07\/IMG_7046-2048x1536.jpg 2048w\" sizes=\"auto, (max-width: 1024px) 100vw, 1024px\" \/><\/figure>\n\n\n\n<figure class=\"wp-block-image size-large\"><img loading=\"lazy\" decoding=\"async\" width=\"1024\" height=\"768\" data-id=\"479\" src=\"https:\/\/igsport-staefa.ch\/wp-content\/uploads\/2023\/07\/IMG_7045-1024x768.jpg\" alt=\"\" class=\"wp-image-479\" srcset=\"https:\/\/igsport-staefa.ch\/wp-content\/uploads\/2023\/07\/IMG_7045-1024x768.jpg 1024w, https:\/\/igsport-staefa.ch\/wp-content\/uploads\/2023\/07\/IMG_7045-300x225.jpg 300w, https:\/\/igsport-staefa.ch\/wp-content\/uploads\/2023\/07\/IMG_7045-768x576.jpg 768w, https:\/\/igsport-staefa.ch\/wp-content\/uploads\/2023\/07\/IMG_7045-1536x1152.jpg 1536w, https:\/\/igsport-staefa.ch\/wp-content\/uploads\/2023\/07\/IMG_7045-2048x1536.jpg 2048w\" sizes=\"auto, (max-width: 1024px) 100vw, 1024px\" \/><\/figure>\n\n\n\n<figure class=\"wp-block-image size-large\"><img loading=\"lazy\" decoding=\"async\" width=\"1024\" height=\"768\" data-id=\"481\" src=\"https:\/\/igsport-staefa.ch\/wp-content\/uploads\/2023\/07\/IMG_7048-1024x768.jpg\" alt=\"\" class=\"wp-image-481\" srcset=\"https:\/\/igsport-staefa.ch\/wp-content\/uploads\/2023\/07\/IMG_7048-1024x768.jpg 1024w, https:\/\/igsport-staefa.ch\/wp-content\/uploads\/2023\/07\/IMG_7048-300x225.jpg 300w, https:\/\/igsport-staefa.ch\/wp-content\/uploads\/2023\/07\/IMG_7048-768x576.jpg 768w, https:\/\/igsport-staefa.ch\/wp-content\/uploads\/2023\/07\/IMG_7048-1536x1152.jpg 1536w, https:\/\/igsport-staefa.ch\/wp-content\/uploads\/2023\/07\/IMG_7048-2048x1536.jpg 2048w\" sizes=\"auto, (max-width: 1024px) 100vw, 1024px\" \/><\/figure>\n\n\n\n<figure class=\"wp-block-image size-large\"><img loading=\"lazy\" decoding=\"async\" width=\"1024\" height=\"768\" data-id=\"478\" src=\"https:\/\/igsport-staefa.ch\/wp-content\/uploads\/2023\/07\/IMG_7049-1024x768.jpg\" alt=\"\" class=\"wp-image-478\" srcset=\"https:\/\/igsport-staefa.ch\/wp-content\/uploads\/2023\/07\/IMG_7049-1024x768.jpg 1024w, https:\/\/igsport-staefa.ch\/wp-content\/uploads\/2023\/07\/IMG_7049-300x225.jpg 300w, https:\/\/igsport-staefa.ch\/wp-content\/uploads\/2023\/07\/IMG_7049-768x576.jpg 768w, https:\/\/igsport-staefa.ch\/wp-content\/uploads\/2023\/07\/IMG_7049-1536x1152.jpg 1536w, https:\/\/igsport-staefa.ch\/wp-content\/uploads\/2023\/07\/IMG_7049-2048x1536.jpg 2048w\" sizes=\"auto, (max-width: 1024px) 100vw, 1024px\" \/><\/figure>\n\n\n\n<figure class=\"wp-block-image size-large\"><img loading=\"lazy\" decoding=\"async\" width=\"1024\" height=\"768\" data-id=\"482\" src=\"https:\/\/igsport-staefa.ch\/wp-content\/uploads\/2023\/07\/IMG_7053-1024x768.jpg\" alt=\"\" class=\"wp-image-482\" srcset=\"https:\/\/igsport-staefa.ch\/wp-content\/uploads\/2023\/07\/IMG_7053-1024x768.jpg 1024w, https:\/\/igsport-staefa.ch\/wp-content\/uploads\/2023\/07\/IMG_7053-300x225.jpg 300w, https:\/\/igsport-staefa.ch\/wp-content\/uploads\/2023\/07\/IMG_7053-768x576.jpg 768w, https:\/\/igsport-staefa.ch\/wp-content\/uploads\/2023\/07\/IMG_7053-1536x1152.jpg 1536w, https:\/\/igsport-staefa.ch\/wp-content\/uploads\/2023\/07\/IMG_7053-2048x1536.jpg 2048w\" sizes=\"auto, (max-width: 1024px) 100vw, 1024px\" \/><\/figure>\n\n\n\n<figure class=\"wp-block-image size-large\"><img loading=\"lazy\" decoding=\"async\" width=\"1024\" height=\"768\" data-id=\"474\" src=\"https:\/\/igsport-staefa.ch\/wp-content\/uploads\/2023\/07\/IMG_7055-1024x768.jpg\" alt=\"\" class=\"wp-image-474\" srcset=\"https:\/\/igsport-staefa.ch\/wp-content\/uploads\/2023\/07\/IMG_7055-1024x768.jpg 1024w, https:\/\/igsport-staefa.ch\/wp-content\/uploads\/2023\/07\/IMG_7055-300x225.jpg 300w, https:\/\/igsport-staefa.ch\/wp-content\/uploads\/2023\/07\/IMG_7055-768x576.jpg 768w, https:\/\/igsport-staefa.ch\/wp-content\/uploads\/2023\/07\/IMG_7055-1536x1152.jpg 1536w, https:\/\/igsport-staefa.ch\/wp-content\/uploads\/2023\/07\/IMG_7055-2048x1536.jpg 2048w\" sizes=\"auto, (max-width: 1024px) 100vw, 1024px\" \/><\/figure>\n\n\n\n<figure class=\"wp-block-image size-large\"><img loading=\"lazy\" decoding=\"async\" width=\"1024\" height=\"768\" data-id=\"475\" src=\"https:\/\/igsport-staefa.ch\/wp-content\/uploads\/2023\/07\/IMG_7057-1024x768.jpg\" alt=\"\" class=\"wp-image-475\" srcset=\"https:\/\/igsport-staefa.ch\/wp-content\/uploads\/2023\/07\/IMG_7057-1024x768.jpg 1024w, https:\/\/igsport-staefa.ch\/wp-content\/uploads\/2023\/07\/IMG_7057-300x225.jpg 300w, https:\/\/igsport-staefa.ch\/wp-content\/uploads\/2023\/07\/IMG_7057-768x576.jpg 768w, https:\/\/igsport-staefa.ch\/wp-content\/uploads\/2023\/07\/IMG_7057-1536x1152.jpg 1536w, https:\/\/igsport-staefa.ch\/wp-content\/uploads\/2023\/07\/IMG_7057-2048x1536.jpg 2048w\" sizes=\"auto, (max-width: 1024px) 100vw, 1024px\" \/><\/figure>\n\n\n\n<figure class=\"wp-block-image size-large\"><img loading=\"lazy\" decoding=\"async\" width=\"1024\" height=\"768\" data-id=\"473\" src=\"https:\/\/igsport-staefa.ch\/wp-content\/uploads\/2023\/07\/IMG_7062-1024x768.jpg\" alt=\"\" class=\"wp-image-473\" srcset=\"https:\/\/igsport-staefa.ch\/wp-content\/uploads\/2023\/07\/IMG_7062-1024x768.jpg 1024w, https:\/\/igsport-staefa.ch\/wp-content\/uploads\/2023\/07\/IMG_7062-300x225.jpg 300w, https:\/\/igsport-staefa.ch\/wp-content\/uploads\/2023\/07\/IMG_7062-768x576.jpg 768w, https:\/\/igsport-staefa.ch\/wp-content\/uploads\/2023\/07\/IMG_7062-1536x1152.jpg 1536w, https:\/\/igsport-staefa.ch\/wp-content\/uploads\/2023\/07\/IMG_7062-2048x1536.jpg 2048w\" sizes=\"auto, (max-width: 1024px) 100vw, 1024px\" \/><\/figure>\n\n\n\n<figure class=\"wp-block-image size-large\"><img loading=\"lazy\" decoding=\"async\" width=\"1024\" height=\"768\" data-id=\"476\" src=\"https:\/\/igsport-staefa.ch\/wp-content\/uploads\/2023\/07\/IMG_7058-1024x768.jpg\" alt=\"\" class=\"wp-image-476\" srcset=\"https:\/\/igsport-staefa.ch\/wp-content\/uploads\/2023\/07\/IMG_7058-1024x768.jpg 1024w, https:\/\/igsport-staefa.ch\/wp-content\/uploads\/2023\/07\/IMG_7058-300x225.jpg 300w, https:\/\/igsport-staefa.ch\/wp-content\/uploads\/2023\/07\/IMG_7058-768x576.jpg 768w, https:\/\/igsport-staefa.ch\/wp-content\/uploads\/2023\/07\/IMG_7058-1536x1152.jpg 1536w, https:\/\/igsport-staefa.ch\/wp-content\/uploads\/2023\/07\/IMG_7058-2048x1536.jpg 2048w\" sizes=\"auto, (max-width: 1024px) 100vw, 1024px\" \/><\/figure>\n\n\n\n<figure class=\"wp-block-image size-large\"><img loading=\"lazy\" decoding=\"async\" width=\"1024\" height=\"768\" data-id=\"477\" src=\"https:\/\/igsport-staefa.ch\/wp-content\/uploads\/2023\/07\/IMG_7063-1024x768.jpg\" alt=\"\" class=\"wp-image-477\" srcset=\"https:\/\/igsport-staefa.ch\/wp-content\/uploads\/2023\/07\/IMG_7063-1024x768.jpg 1024w, https:\/\/igsport-staefa.ch\/wp-content\/uploads\/2023\/07\/IMG_7063-300x225.jpg 300w, https:\/\/igsport-staefa.ch\/wp-content\/uploads\/2023\/07\/IMG_7063-768x576.jpg 768w, https:\/\/igsport-staefa.ch\/wp-content\/uploads\/2023\/07\/IMG_7063-1536x1152.jpg 1536w, https:\/\/igsport-staefa.ch\/wp-content\/uploads\/2023\/07\/IMG_7063-2048x1536.jpg 2048w\" sizes=\"auto, (max-width: 1024px) 100vw, 1024px\" \/><\/figure>\n\n\n\n<figure class=\"wp-block-image size-large\"><img loading=\"lazy\" decoding=\"async\" width=\"1024\" height=\"768\" data-id=\"472\" src=\"https:\/\/igsport-staefa.ch\/wp-content\/uploads\/2023\/07\/NLIT6985.jpg\" alt=\"\" class=\"wp-image-472\" srcset=\"https:\/\/igsport-staefa.ch\/wp-content\/uploads\/2023\/07\/NLIT6985.jpg 1024w, https:\/\/igsport-staefa.ch\/wp-content\/uploads\/2023\/07\/NLIT6985-300x225.jpg 300w, https:\/\/igsport-staefa.ch\/wp-content\/uploads\/2023\/07\/NLIT6985-768x576.jpg 768w\" sizes=\"auto, (max-width: 1024px) 100vw, 1024px\" \/><\/figure>\n<\/figure>\n","protected":false},"excerpt":{"rendered":"<p>Die IG Sport organisiert in regelm\u00e4ssigen Abst\u00e4nden das Sportfest, an welchem sich die Vereine der St\u00e4fner Bev\u00f6lkerung pr\u00e4sentieren k\u00f6nnen. Das n\u00e4chste findet am 21. Juni 2026 statt. zuerchersportfest.ch Sportfest 6. Juli 2024 Sportfest 8. Juli 2023<\/p>\n","protected":false},"author":1,"featured_media":0,"parent":0,"menu_order":0,"comment_status":"closed","ping_status":"closed","template":"","meta":{"footnotes":""},"class_list":["post-493","page","type-page","status-publish","hentry"],"_links":{"self":[{"href":"https:\/\/igsport-staefa.ch\/index.php\/wp-json\/wp\/v2\/pages\/493","targetHints":{"allow":["GET"]}}],"collection":[{"href":"https:\/\/igsport-staefa.ch\/index.php\/wp-json\/wp\/v2\/pages"}],"about":[{"href":"https:\/\/igsport-staefa.ch\/index.php\/wp-json\/wp\/v2\/types\/page"}],"author":[{"embeddable":true,"href":"https:\/\/igsport-staefa.ch\/index.php\/wp-json\/wp\/v2\/users\/1"}],"replies":[{"embeddable":true,"href":"https:\/\/igsport-staefa.ch\/index.php\/wp-json\/wp\/v2\/comments?post=493"}],"version-history":[{"count":22,"href":"https:\/\/igsport-staefa.ch\/index.php\/wp-json\/wp\/v2\/pages\/493\/revisions"}],"predecessor-version":[{"id":583,"href":"https:\/\/igsport-staefa.ch\/index.php\/wp-json\/wp\/v2\/pages\/493\/revisions\/583"}],"wp:attachment":[{"href":"https:\/\/igsport-staefa.ch\/index.php\/wp-json\/wp\/v2\/media?parent=493"}],"curies":[{"name":"wp","href":"https:\/\/api.w.org\/{rel}","templated":true}]}}