{"id":22,"date":"2019-02-05T12:12:05","date_gmt":"2019-02-05T12:12:05","guid":{"rendered":"https:\/\/igsport-staefa.ch\/?page_id=22"},"modified":"2025-08-26T21:01:20","modified_gmt":"2025-08-26T19:01:20","slug":"die-ig-sport-staefa","status":"publish","type":"page","link":"https:\/\/igsport-staefa.ch\/index.php\/die-ig-sport-staefa\/","title":{"rendered":"Ziel und Zweck"},"content":{"rendered":"\n<p>Die IG Sport St\u00e4fa vertritt die Interessen der St\u00e4fner Sportvereine und die Anliegen des Sports in St\u00e4fa. Dies beinhaltet, die Zusammenarbeit der St\u00e4fner Sportvereine zu f\u00f6rdern und die Wahrnehmung der Interessen der Sportvereine gegen\u00fcber den Beh\u00f6rden zu st\u00e4rken. Weiter setzt sich die IG Sport St\u00e4fa zum Ziel zwischen Vereinen und Beh\u00f6rden zu vermitteln, wenn es um Anliegen des Sportes oder um die Gestaltung und Einrichtung von Sportst\u00e4tten geht.<\/p>\n","protected":false},"excerpt":{"rendered":"<p>Die IG Sport St\u00e4fa vertritt die Interessen der St\u00e4fner Sportvereine und die Anliegen des Sports in St\u00e4fa. Dies beinhaltet, die Zusammenarbeit der St\u00e4fner Sportvereine zu f\u00f6rdern und die Wahrnehmung der Interessen der Sportvereine gegen\u00fcber den Beh\u00f6rden zu st\u00e4rken. Weiter setzt sich die IG Sport St\u00e4fa zum Ziel zwischen Vereinen und Beh\u00f6rden zu vermitteln, wenn es&#8230;<\/p>\n","protected":false},"author":1,"featured_media":0,"parent":0,"menu_order":0,"comment_status":"closed","ping_status":"closed","template":"","meta":{"footnotes":""},"class_list":["post-22","page","type-page","status-publish","hentry"],"_links":{"self":[{"href":"https:\/\/igsport-staefa.ch\/index.php\/wp-json\/wp\/v2\/pages\/22","targetHints":{"allow":["GET"]}}],"collection":[{"href":"https:\/\/igsport-staefa.ch\/index.php\/wp-json\/wp\/v2\/pages"}],"about":[{"href":"https:\/\/igsport-staefa.ch\/index.php\/wp-json\/wp\/v2\/types\/page"}],"author":[{"embeddable":true,"href":"https:\/\/igsport-staefa.ch\/index.php\/wp-json\/wp\/v2\/users\/1"}],"replies":[{"embeddable":true,"href":"https:\/\/igsport-staefa.ch\/index.php\/wp-json\/wp\/v2\/comments?post=22"}],"version-history":[{"count":5,"href":"https:\/\/igsport-staefa.ch\/index.php\/wp-json\/wp\/v2\/pages\/22\/revisions"}],"predecessor-version":[{"id":105,"href":"https:\/\/igsport-staefa.ch\/index.php\/wp-json\/wp\/v2\/pages\/22\/revisions\/105"}],"wp:attachment":[{"href":"https:\/\/igsport-staefa.ch\/index.php\/wp-json\/wp\/v2\/media?parent=22"}],"curies":[{"name":"wp","href":"https:\/\/api.w.org\/{rel}","templated":true}]}}